{"id":545,"date":"2019-12-08T13:59:28","date_gmt":"2019-12-08T12:59:28","guid":{"rendered":"https:\/\/www.kj-valentin.at\/wp_pfarrevalentin\/?page_id=545"},"modified":"2021-10-29T20:26:55","modified_gmt":"2021-10-29T18:26:55","slug":"fotohinweise","status":"publish","type":"page","link":"https:\/\/www.kj-valentin.at\/wp_pfarrevalentin\/fotohinweise\/","title":{"rendered":"Fotohinweise"},"content":{"rendered":"\n<h2 class=\"wp-block-heading\">Datenschutzinformation gem. Art 13 DSGVO<\/h2>\n\n\n\n<h3 class=\"wp-block-heading\">Verantwortlicher<\/h3>\n\n\n\n<p>Katholische Kirche \u00d6sterreich<\/p>\n\n\n\n<h3 class=\"wp-block-heading\">Datenschutzbeautragter<\/h3>\n\n\n\n<p>Kontaktdaten des Datenschutzbeauftragten:&nbsp;<a href=\"mailto:datenschutz.stpoelten@kirche.at\">datenschutz.stpoelten at kirche.at<\/a>&nbsp; <\/p>\n\n\n\n<h3 class=\"wp-block-heading\">Zweck<\/h3>\n\n\n\n<p>Anfertigung von Fotos und Videos von Veranstaltungen (Messen, Feiern, Festivit\u00e4ten usw.) sowie Ver\u00f6ffentlichung der Fotos und Videos auf der Website und in Social Media Kan\u00e4len sowie in Printmedien insbes. \u201ePfarrblatt\u201c zur \u00d6ffentlichkeitsarbeit und Darstellung der Aktivit\u00e4ten des Verantwortlichen, um den Bekanntheitsgrad des Verantwortlichen zu erh\u00f6hen. <\/p>\n\n\n\n<h3 class=\"wp-block-heading\">Rechtsgrundlage<\/h3>\n\n\n\n<p>Berechtigtes Interesse iSd Art 6 Abs 1 lit f DSGVO sowie \u00a7\u00a7 12, 13 DSG: \u00d6ffentlichkeitsarbeit und Darstellung der Aktivit\u00e4ten des Verantwortlichen, um den Bekanntheitsgrad des Verantwortlichen zu erh\u00f6hen. Es besteht das Recht, gegen die Verarbeitung Widerspruch zu erheben. Den Widerspruch kann an gerichtet werden: pfarre at aon.at&nbsp;(wobei auch jede andere Art des Widerspruches m\u00f6glich ist).<br>Es ist jedoch davon auszugehen, dass das Interesse des Verantwortlichen an der Anfertigung und Verwendung der Fotos nicht \u00fcberm\u00e4\u00dfig in die Rechte und Freiheiten der nat\u00fcrlichen Personen eingreift, insbes. da sich diese in den \u00f6ffentlichen Raum begeben haben, auf die Anfertigung und Verwendung der Fotos im Vorfeld und bei der Veranstaltung hingewiesen wurde, sowie sowohl bei der Anfertigung von Fotos und auch der Ver\u00f6ffentlichung derselben darauf geachtet wird, dass keine berechtigten Interessen von abgebildeten Personen verletzt werden. Sofern aus besonders ber\u00fccksichtigungsw\u00fcrdigen Gr\u00fcnden die Rechte und Freiheiten einer abgebildeten Person verletzt sein sollten, werden wir durch geeignete Ma\u00dfnahmen die weitere Verarbeitung unterlassen. Eine Unkenntlichmachung in Printmedien, die bereits ausgegeben sind, kann nicht erfolgen. Eine L\u00f6schung auf der Website oder in Social Media Kan\u00e4len erfolgt im Rahmen der technischen M\u00f6glichkeiten.<\/p>\n\n\n\n<h3 class=\"wp-block-heading\">Speicherdauer<\/h3>\n\n\n\n<p>Die Daten werden am Ende des 3. Kalenderjahres nach Anfertigung gel\u00f6scht. <\/p>\n\n\n\n<h3 class=\"wp-block-heading\">Empf\u00e4ngerkategorien<\/h3>\n\n\n\n<p>Abteilungen des Verantwortlichen, die im Rahmen der Abwicklung der T\u00e4tigkeit die Daten notwendigerweise erhalten m\u00fcssen (z.B. EDV, sonstige Verwaltungseinheiten, Marketing). Auftragnehmer und Auftragsverarbeiter, die bei der Verarbeitung (Anfertigung sowie Ver\u00f6ffentlichung) t\u00e4tig sind. Steuerberater, Beh\u00f6rden (Finanzamt, sonstige Beh\u00f6rden) sowie Rechtsvertreter (bei der Durchsetzung von Rechten oder Abwehr von Anspr\u00fcchen oder im Rahmen von Beh\u00f6rdenverfahren). Die Daten werden im Internet der \u00d6ffentlichkeit zur Verf\u00fcgung gestellt, und in Social Media Kan\u00e4len ver\u00f6ffentlicht. Die Daten werden in Printmedien insbes. \u201ePfarrblatt\u201c ver\u00f6ffentlicht, und diese werden an die \u00d6ffentlichkeit in einer begrenzten Auflage (2000 St\u00fcck) verteilt. Die Daten werden nicht an Empf\u00e4nger weitergegeben, die mit diesen Daten eigene Zwecke verfolgen. Bei Social Media Kan\u00e4len kann es jedoch sein, dass der jeweilige Social Media Dienst Verwertungsrecht an den ver\u00f6ffentlichten Daten erh\u00e4lt. <\/p>\n\n\n\n<h4 class=\"wp-block-heading\">Copyright<\/h4>\n\n\n\n<ul class=\"wp-block-list\"><li><a href=\"https:\/\/www.dataprotect.at\/2018\/05\/15\/verwendung-von-fotos-von-veranstaltungen-nach-dem-25-05-2018\/\">https:\/\/www.dataprotect.at\/2018\/05\/15\/verwendung-von-fotos-von-veranstaltungen-nach-dem-25-05-2018\/ <\/a><\/li><li><a href=\"http:\/\/www.oev.or.at\/?story=190\">http:\/\/www.oev.or.at\/?story=190&nbsp;<\/a><\/li><li><a href=\"https:\/\/www.cr-online.de\/blog\/2018\/05\/12\/beispiel-veranstaltungsfotos-warum-es-nach-der-dsgvo-oft-sinnvoll-ist-auf-einwilligungen-zu-verzichten\/\">https:\/\/www.cr-online.de\/blog\/2018\/05\/12\/beispiel-veranstaltungsfotos-warum-es-nach-der-dsgvo-oft-sinnvoll-ist-auf-einwilligungen-zu-verzichten\/  <\/a><\/li><\/ul>\n","protected":false},"excerpt":{"rendered":"<p>Datenschutzinformation gem. Art 13 DSGVO Verantwortlicher Katholische Kirche \u00d6sterreich Datenschutzbeautragter Kontaktdaten des Datenschutzbeauftragten:&nbsp;datenschutz.stpoelten at kirche.at&nbsp; Zweck Anfertigung von Fotos und Videos von Veranstaltungen (Messen, Feiern, Festivit\u00e4ten usw.) sowie Ver\u00f6ffentlichung der Fotos und Videos auf der Website und in Social Media Kan\u00e4len sowie in Printmedien insbes. \u201ePfarrblatt\u201c zur \u00d6ffentlichkeitsarbeit und Darstellung der Aktivit\u00e4ten des Verantwortlichen, um [&hellip;]<\/p>\n","protected":false},"author":5,"featured_media":0,"parent":0,"menu_order":0,"comment_status":"closed","ping_status":"closed","template":"","meta":{"footnotes":""},"class_list":["post-545","page","type-page","status-publish","hentry"],"_links":{"self":[{"href":"https:\/\/www.kj-valentin.at\/wp_pfarrevalentin\/wp-json\/wp\/v2\/pages\/545","targetHints":{"allow":["GET"]}}],"collection":[{"href":"https:\/\/www.kj-valentin.at\/wp_pfarrevalentin\/wp-json\/wp\/v2\/pages"}],"about":[{"href":"https:\/\/www.kj-valentin.at\/wp_pfarrevalentin\/wp-json\/wp\/v2\/types\/page"}],"author":[{"embeddable":true,"href":"https:\/\/www.kj-valentin.at\/wp_pfarrevalentin\/wp-json\/wp\/v2\/users\/5"}],"replies":[{"embeddable":true,"href":"https:\/\/www.kj-valentin.at\/wp_pfarrevalentin\/wp-json\/wp\/v2\/comments?post=545"}],"version-history":[{"count":7,"href":"https:\/\/www.kj-valentin.at\/wp_pfarrevalentin\/wp-json\/wp\/v2\/pages\/545\/revisions"}],"predecessor-version":[{"id":6161,"href":"https:\/\/www.kj-valentin.at\/wp_pfarrevalentin\/wp-json\/wp\/v2\/pages\/545\/revisions\/6161"}],"wp:attachment":[{"href":"https:\/\/www.kj-valentin.at\/wp_pfarrevalentin\/wp-json\/wp\/v2\/media?parent=545"}],"curies":[{"name":"wp","href":"https:\/\/api.w.org\/{rel}","templated":true}]}}