{"id":536,"date":"2019-12-07T16:32:46","date_gmt":"2019-12-07T15:32:46","guid":{"rendered":"https:\/\/www.kj-valentin.at\/wp_pfarrevalentin\/?page_id=536"},"modified":"2021-10-29T20:30:34","modified_gmt":"2021-10-29T18:30:34","slug":"impressum-2","status":"publish","type":"page","link":"https:\/\/www.kj-valentin.at\/wp_pfarrevalentin\/impressum-2\/","title":{"rendered":"Impressum"},"content":{"rendered":"\n<h2 class=\"wp-block-heading\">R\u00f6m.-Kath. Pfarramt St. Valentin <\/h2>\n\n\n\n<p>Hauptplatz 15<br>4300 St. Valentin<br> Tel.: 07435 52425 <\/p>\n\n\n\n<h3 class=\"wp-block-heading\">Design<\/h3>\n\n\n\n<ul class=\"wp-block-list\"><li>Michael Heigl &#8211; <a aria-label=\"Brainsonic Austria (\u00f6ffnet in neuem Tab)\" href=\"http:\/\/www.brainsonic.at\" target=\"_blank\" rel=\"noreferrer noopener\">Brainsonic Austria<\/a><\/li><li>Rudolf Hiebl     rudolf.hiebl(at)icloud.com<\/li><\/ul>\n\n\n\n<h3 class=\"wp-block-heading\">Inhalt<\/h3>\n\n\n\n<p>R\u00f6m.-Kath. Pfarramt St. Valentin<\/p>\n\n\n\n<div class=\"wp-block-group alignfull has-subtle-background-background-color has-background\"><div class=\"wp-block-group__inner-container is-layout-flow wp-block-group-is-layout-flow\">\n<h3 class=\"wp-block-heading\">Copyright<\/h3>\n\n\n\n<p>Die Di\u00f6zese St.&nbsp;P\u00f6lten bzw. das r\u00f6m. &#8211; kath. Pfarramt sind Urheber bzw. Werknutzungsberechtigter der zur Verf\u00fcgung gestellten Information und Inhaber aller sonstiger damit zusammenh\u00e4ngender Schutzrechte. Die Vervielf\u00e4ltigung von Texten und Daten einschlie\u00dflich der (digitalen) Speicherung und Nutzung auf optischen und elektronischen Datentr\u00e4gern darf nur mit vorheriger schriftlicher Zustimmung erfolgen. Die Verwendung&nbsp; der Texte und Daten einschlie\u00dflich Einspeisung in Online-Dienste, Datenbanken oder Web-sites durch unberechtigte Dritte sowie die Ver\u00e4nderung oder Verf\u00e4lschung von Informationen ist untersagt. Der Download sowie der Ausdruck zum pers\u00f6nlichen, nicht kommerziellen Gebrauch ist jedoch gestattet.<\/p>\n\n\n\n<h3 class=\"wp-block-heading\">Haftung<\/h3>\n\n\n\n<p>Das r\u00f6m. &#8211; kath. Pfarramt pr\u00fcft und aktualisiert die Informationen auf ihren Webseiten st\u00e4ndig. Trotz aller Sorgfalt k\u00f6nnen sich die Daten inzwischen ge\u00e4ndert haben. Eine Haftung oder Gew\u00e4hrleistung f\u00fcr die Aktualit\u00e4t, Richtigkeit und Vollst\u00e4ndigkeit der zur Verf\u00fcgung gestellten Informationen kann daher nicht \u00fcbernommen werden. Des Weiteren behalten wir uns vor, \u00c4nderungen oder Erg\u00e4nzungen der bereitgestellten Informationen vorzunehmen. Den auf den Webseiten angebotenen Informationen kommt keine Rechtsverbindlichkeit zu. Die Webseiten der r\u00f6m. &#8211; kath. Pfarre kann Links zu Webseiten anderer Anbieter enthalten, f\u00fcr die&nbsp;wir keine Verantwortung oder Haftung \u00fcbernehmen.<\/p>\n\n\n\n<h3 class=\"wp-block-heading\">Datenschutzhinweis<\/h3>\n\n\n\n<p>Diese Webseite benutzt Google Analytics, einen Webanalysedienst der Google Inc. (&#8222;Google&#8220;). Google Analytics verwendet sogenannte &#8222;Cookies&#8220;, Textdateien, die auf Ihrem Computer gespeichert werden und die eine Analyse der Benutzung der Webseite durch Sie erm\u00f6glichen. Die durch den Cookie erzeugten Informationen \u00fcber Ihre Benutzung dieser Webseite (einschlie\u00dflich Ihrer IP-Adresse) wird an einen Server von Google in den USA \u00fcbertragen und dort gespeichert. Google wird diese Informationen benutzen, um Ihre Nutzung der Webseite auszuwerten, um Reports \u00fcber die Webseitenaktivit\u00e4ten f\u00fcr die Webseitenbetreiber zusammenzustellen und um weitere mit der Webseitennutzung und der Internetnutzung verbundene Dienstleistungen zu erbringen. Auch wird Google diese Informationen gegebenenfalls an Dritte \u00fcbertragen, sofern dies gesetzlich vorgeschrieben oder soweit Dritte diese Daten im Auftrag von Google verarbeiten. Google wird in keinem Fall Ihre IP-Adresse mit anderen Daten von Google in Verbindung bringen. Sie k\u00f6nnen die Installation der Cookies durch eine entsprechende Einstellung Ihrer Browser-Software verhindern; wir weisen Sie jedoch darauf hin, dass Sie in diesem Fall gegebenenfalls nicht s\u00e4mtliche Funktionen dieser Webseite vollumf\u00e4nglich nutzen k\u00f6nnen. Durch die Nutzung dieser Webseite erkl\u00e4ren Sie sich mit der Bearbeitung der \u00fcber Sie erhobenen Daten durch Google in der zuvor beschriebenen Art und Weise und zu dem zuvor benannten Zweck einverstanden<\/p>\n<\/div><\/div>\n","protected":false},"excerpt":{"rendered":"<p>R\u00f6m.-Kath. Pfarramt St. Valentin Hauptplatz 154300 St. Valentin Tel.: 07435 52425 Design Michael Heigl &#8211; Brainsonic Austria Rudolf Hiebl rudolf.hiebl(at)icloud.com Inhalt R\u00f6m.-Kath. Pfarramt St. Valentin Copyright Die Di\u00f6zese St.&nbsp;P\u00f6lten bzw. das r\u00f6m. &#8211; kath. Pfarramt sind Urheber bzw. Werknutzungsberechtigter der zur Verf\u00fcgung gestellten Information und Inhaber aller sonstiger damit zusammenh\u00e4ngender Schutzrechte. Die Vervielf\u00e4ltigung von Texten [&hellip;]<\/p>\n","protected":false},"author":5,"featured_media":0,"parent":0,"menu_order":0,"comment_status":"closed","ping_status":"closed","template":"","meta":{"footnotes":""},"class_list":["post-536","page","type-page","status-publish","hentry"],"_links":{"self":[{"href":"https:\/\/www.kj-valentin.at\/wp_pfarrevalentin\/wp-json\/wp\/v2\/pages\/536","targetHints":{"allow":["GET"]}}],"collection":[{"href":"https:\/\/www.kj-valentin.at\/wp_pfarrevalentin\/wp-json\/wp\/v2\/pages"}],"about":[{"href":"https:\/\/www.kj-valentin.at\/wp_pfarrevalentin\/wp-json\/wp\/v2\/types\/page"}],"author":[{"embeddable":true,"href":"https:\/\/www.kj-valentin.at\/wp_pfarrevalentin\/wp-json\/wp\/v2\/users\/5"}],"replies":[{"embeddable":true,"href":"https:\/\/www.kj-valentin.at\/wp_pfarrevalentin\/wp-json\/wp\/v2\/comments?post=536"}],"version-history":[{"count":6,"href":"https:\/\/www.kj-valentin.at\/wp_pfarrevalentin\/wp-json\/wp\/v2\/pages\/536\/revisions"}],"predecessor-version":[{"id":6165,"href":"https:\/\/www.kj-valentin.at\/wp_pfarrevalentin\/wp-json\/wp\/v2\/pages\/536\/revisions\/6165"}],"wp:attachment":[{"href":"https:\/\/www.kj-valentin.at\/wp_pfarrevalentin\/wp-json\/wp\/v2\/media?parent=536"}],"curies":[{"name":"wp","href":"https:\/\/api.w.org\/{rel}","templated":true}]}}