{"id":521,"date":"2019-12-07T16:28:40","date_gmt":"2019-12-07T15:28:40","guid":{"rendered":"https:\/\/www.kj-valentin.at\/wp_pfarrevalentin\/?page_id=521"},"modified":"2024-07-10T16:42:56","modified_gmt":"2024-07-10T14:42:56","slug":"caritas-2","status":"publish","type":"page","link":"https:\/\/www.kj-valentin.at\/wp_pfarrevalentin\/gruppen\/caritas-2\/","title":{"rendered":"Caritas"},"content":{"rendered":"\n<figure class=\"wp-block-gallery alignwide has-nested-images columns-default is-cropped wp-block-gallery-1 is-layout-flex wp-block-gallery-is-layout-flex\">\n<figure class=\"wp-block-image size-large\"><img loading=\"lazy\" decoding=\"async\" width=\"768\" height=\"1024\" data-id=\"14417\" src=\"https:\/\/www.kj-valentin.at\/wp_pfarrevalentin\/wp-content\/uploads\/2024\/07\/Seite-02_Daten-St.-Valentin-768x1024.jpg\" alt=\"\" class=\"wp-image-14417\" srcset=\"https:\/\/www.kj-valentin.at\/wp_pfarrevalentin\/wp-content\/uploads\/2024\/07\/Seite-02_Daten-St.-Valentin-768x1024.jpg 768w, https:\/\/www.kj-valentin.at\/wp_pfarrevalentin\/wp-content\/uploads\/2024\/07\/Seite-02_Daten-St.-Valentin-225x300.jpg 225w, https:\/\/www.kj-valentin.at\/wp_pfarrevalentin\/wp-content\/uploads\/2024\/07\/Seite-02_Daten-St.-Valentin-1152x1536.jpg 1152w, https:\/\/www.kj-valentin.at\/wp_pfarrevalentin\/wp-content\/uploads\/2024\/07\/Seite-02_Daten-St.-Valentin.jpg 1200w\" sizes=\"auto, (max-width: 768px) 100vw, 768px\" \/><figcaption class=\"wp-element-caption\"><a href=\"https:\/\/www.caritas-pflege.at\/noewest\/pflege-zu-hause\/standorte\/sozialstation-sankt-severin\" target=\"_blank\" rel=\"noreferrer noopener\"><strong>Hier geht es zur Internet-Seite<\/strong><\/a><\/figcaption><\/figure>\n\n\n\n<figure class=\"wp-block-image size-large\"><img loading=\"lazy\" decoding=\"async\" width=\"768\" height=\"1024\" data-id=\"14416\" src=\"https:\/\/www.kj-valentin.at\/wp_pfarrevalentin\/wp-content\/uploads\/2024\/07\/Seite-01_Info-Caritas-Pflege-768x1024.jpg\" alt=\"\" class=\"wp-image-14416\" srcset=\"https:\/\/www.kj-valentin.at\/wp_pfarrevalentin\/wp-content\/uploads\/2024\/07\/Seite-01_Info-Caritas-Pflege-768x1024.jpg 768w, https:\/\/www.kj-valentin.at\/wp_pfarrevalentin\/wp-content\/uploads\/2024\/07\/Seite-01_Info-Caritas-Pflege-225x300.jpg 225w, https:\/\/www.kj-valentin.at\/wp_pfarrevalentin\/wp-content\/uploads\/2024\/07\/Seite-01_Info-Caritas-Pflege-1152x1536.jpg 1152w, https:\/\/www.kj-valentin.at\/wp_pfarrevalentin\/wp-content\/uploads\/2024\/07\/Seite-01_Info-Caritas-Pflege.jpg 1200w\" sizes=\"auto, (max-width: 768px) 100vw, 768px\" \/><\/figure>\n<\/figure>\n\n\n\n<h2 class=\"wp-block-heading has-text-align-left\">PfarrCaritas St. Valentin<\/h2>\n\n\n\n<h4 class=\"wp-block-heading\">Mag.a Renate Gottwald-Hofer &amp; Team<\/h4>\n\n\n\n<p>Mein Name ist Renate Gottwald-Hofer.<br>Beruflich bin ich mit dem Thema Umwelt befasst.<\/p>\n\n\n\n<p>Aus dem Studium der Biologie und \u00d6kologie wurde der Beruf der \u201eUmweltberaterin\u201c. Schwerpunktthema und Hauptaufgabe der letzten Jahre war das Gebiet der Nachhaltigkeit.<\/p>\n\n\n\n<p>Was hei\u00dft das genau?<br>Nichts anderes, als unsere Erde zum Wohl zuk\u00fcnftiger Generationen lebenswert zu erhalten. Der Begriff ist spannend und nicht auf die Umwelt beschr\u00e4nkt.<\/p>\n\n\n\n<p>Hier treffen sich:<\/p>\n\n\n\n<figure class=\"wp-block-pullquote has-text-align-left has-background is-style-solid-color has-background-color has-text-color\" style=\"background-color:#9d5405\"><blockquote><p> \u00d6KOLOGIE (Umweltschutz, Sch\u00f6pfungsverantwortung) \u2013 SOZIALES (Menschenw\u00fcrde) \u2013 \u00d6KONOMIE (FAIR und gerecht Wirtschaften) <\/p><\/blockquote><\/figure>\n\n\n\n<p>Diese soziale Dimension der Nachhaltigkeit ist wichtig. Ohne den Menschen funktioniert es nicht. Wir sind ein Teil dieser Welt. Unsere Lebensweise betrifft Menschen auf der ganzen Welt.<\/p>\n\n\n\n<h4 class=\"wp-block-heading\">Wie komme ich nun zur PfarrCaritas?<\/h4>\n\n\n\n<p>Eigentlich ganz einfach &#8211; ich wurde gefragt. Anfangs konnte ich es mir nicht so recht vorstellen. Das \u00fcbliche: frau hat ja viel zu tun, das und jenes, wieder ein \u201eAmtl\u201c, \u2026<\/p>\n\n\n\n<p>So recht wollte ich nicht. Aber beim Nachdenken und Reinschnuppern wurde ich neugierig. Helfen, f\u00fcr andere da sein hat mich mein ganzes Leben begleitet. Ich habe es immer erfahren, wenn ich es gebraucht habe. Es hat mir auch immer selber sehr viel gebracht, wenn ich helfen konnte: Freude, Best\u00e4tigung, neue Erfahrungen, Freundschaften,<\/p>\n\n\n\n<p>Ich gehe mit geh\u00f6rigem Respekt an die neue Aufgabe heran. Ich bin sehr froh, dass es ein engagiertes Team gibt und viele Erfahrungen in der Arbeit in der Pfarre haben. Das ist ein solides Fundament f\u00fcr die kommende Zeit, die in unserer Pfarre, im neuen Pfarrverband eine spannende sein wird.<\/p>\n\n\n<div class=\"wp-block-image is-style-rounded\">\n<figure class=\"aligncenter size-large is-resized\"><img loading=\"lazy\" decoding=\"async\" width=\"458\" height=\"573\" src=\"https:\/\/www.kj-valentin.at\/wp_pfarrevalentin\/wp-content\/uploads\/2019\/12\/Renate_Gottwald-Hofer.jpg\" alt=\"Portrait von Renate Gottwald-Hofer\" class=\"wp-image-808\" style=\"width:330px;height:413px\" srcset=\"https:\/\/www.kj-valentin.at\/wp_pfarrevalentin\/wp-content\/uploads\/2019\/12\/Renate_Gottwald-Hofer.jpg 458w, https:\/\/www.kj-valentin.at\/wp_pfarrevalentin\/wp-content\/uploads\/2019\/12\/Renate_Gottwald-Hofer-240x300.jpg 240w\" sizes=\"auto, (max-width: 458px) 100vw, 458px\" \/><figcaption class=\"wp-element-caption\">Renate  Gottwald-Hofer<\/figcaption><\/figure>\n<\/div>\n\n\n<p>PfarrCaritas ist ein NETZ der gelebten N\u00e4chstenliebe vor Ort.<\/p>\n\n\n\n<p>Ein Netz braucht viele H\u00e4nde, damit es tr\u00e4gt:<\/p>\n\n\n\n<p>DANKE an das \u201eKern\u201c-Team, dass dieses Netz ausgeworfen werden kann.<\/p>\n\n\n\n<p>DANKE an die vielen Haussammlerinnen und Haussammler, die jedes Jahr unterwegs sind.<\/p>\n\n\n\n<p>DANKE an das Kleidersammlungs-Team f\u00fcr die tatkr\u00e4ftige Unterst\u00fctzung.<\/p>\n\n\n\n<p>DANKE an die Caritas Sozialstation Sankt Valentin f\u00fcr das wertsch\u00e4tzende und konstruktive Miteinander.<\/p>\n\n\n\n<p>Wenn Sie sich einbringen m\u00f6chten, Ideen haben und mithelfen m\u00f6chten \u2013 wir freuen uns \u00fcber Zuwachs und Unterst\u00fctzung und sagen \u201eHerzlich willkommen!\u201c.<br>Das kann auch bei einzelnen Aktionen oder Projekten sein, sozusagen ein \u201eHineinschnuppern\u201c, wir freuen uns in jedem Fall.<\/p>\n\n\n\n<p><em>Auch ich habe anfangs hineingeschnuppert und bin dann \u2013 um beim Bild vom Netz zu bleiben \u2013 im positiven Sinn h\u00e4ngen geblieben.<\/em><\/p>\n","protected":false},"excerpt":{"rendered":"<p>PfarrCaritas St. Valentin Mag.a Renate Gottwald-Hofer &amp; Team Mein Name ist Renate Gottwald-Hofer.Beruflich bin ich mit dem Thema Umwelt befasst. Aus dem Studium der Biologie und \u00d6kologie wurde der Beruf der \u201eUmweltberaterin\u201c. Schwerpunktthema und Hauptaufgabe der letzten Jahre war das Gebiet der Nachhaltigkeit. Was hei\u00dft das genau?Nichts anderes, als unsere Erde zum Wohl zuk\u00fcnftiger Generationen [&hellip;]<\/p>\n","protected":false},"author":2,"featured_media":14420,"parent":448,"menu_order":0,"comment_status":"closed","ping_status":"closed","template":"","meta":{"footnotes":""},"class_list":["post-521","page","type-page","status-publish","has-post-thumbnail","hentry"],"_links":{"self":[{"href":"https:\/\/www.kj-valentin.at\/wp_pfarrevalentin\/wp-json\/wp\/v2\/pages\/521","targetHints":{"allow":["GET"]}}],"collection":[{"href":"https:\/\/www.kj-valentin.at\/wp_pfarrevalentin\/wp-json\/wp\/v2\/pages"}],"about":[{"href":"https:\/\/www.kj-valentin.at\/wp_pfarrevalentin\/wp-json\/wp\/v2\/types\/page"}],"author":[{"embeddable":true,"href":"https:\/\/www.kj-valentin.at\/wp_pfarrevalentin\/wp-json\/wp\/v2\/users\/2"}],"replies":[{"embeddable":true,"href":"https:\/\/www.kj-valentin.at\/wp_pfarrevalentin\/wp-json\/wp\/v2\/comments?post=521"}],"version-history":[{"count":16,"href":"https:\/\/www.kj-valentin.at\/wp_pfarrevalentin\/wp-json\/wp\/v2\/pages\/521\/revisions"}],"predecessor-version":[{"id":15762,"href":"https:\/\/www.kj-valentin.at\/wp_pfarrevalentin\/wp-json\/wp\/v2\/pages\/521\/revisions\/15762"}],"up":[{"embeddable":true,"href":"https:\/\/www.kj-valentin.at\/wp_pfarrevalentin\/wp-json\/wp\/v2\/pages\/448"}],"wp:featuredmedia":[{"embeddable":true,"href":"https:\/\/www.kj-valentin.at\/wp_pfarrevalentin\/wp-json\/wp\/v2\/media\/14420"}],"wp:attachment":[{"href":"https:\/\/www.kj-valentin.at\/wp_pfarrevalentin\/wp-json\/wp\/v2\/media?parent=521"}],"curies":[{"name":"wp","href":"https:\/\/api.w.org\/{rel}","templated":true}]}}