{"id":518,"date":"2019-12-07T16:27:57","date_gmt":"2019-12-07T15:27:57","guid":{"rendered":"https:\/\/www.kj-valentin.at\/wp_pfarrevalentin\/?page_id=518"},"modified":"2024-07-08T20:34:33","modified_gmt":"2024-07-08T18:34:33","slug":"katholisches-bildungswerk","status":"publish","type":"page","link":"https:\/\/www.kj-valentin.at\/wp_pfarrevalentin\/gruppen\/katholisches-bildungswerk\/","title":{"rendered":"Katholisches Bildungswerk"},"content":{"rendered":"\n<h2 class=\"wp-block-heading\">Leitungsteam<\/h2>\n\n\n\n<p>Frau Michaela Str\u00f6bitzer 0664 5026428<br>Frau Marianne Kimeswenger&nbsp;&nbsp;0650 7055712<br>Herr Hanspeter Lechner 0664 4435239<\/p>\n\n\n\n<p>Das&nbsp;<strong>Katholische Bildungswerk der Pfarre<\/strong>&nbsp;ist sehr aktiv. Das Team mit ca. 15 Leuten setzt immer wieder H\u00f6hepunkte und brachte schon die interessantesten Leute nach St. Valentin. Es lohnt sich, regelm\u00e4\u00dfig im Programm des Bildungswerkes nachzusehen.<\/p>\n\n\n\n<p>Auch viele soziale Projekte gehen auf das Engagement des Bildungswerkes zur\u00fcck. Eine gro\u00dfartige Initiative war der Bau des Hauses St. Valentin in Bolivien f\u00fcr 24 Strassenkinder um ca. \u20ac 30.000,&#8211; . Dieses Haus mit seinen Kindern konnten wir bei einer Reise schon besuchen. Dabei wurde das Haus von unserem Herrn Pfarrer eingeweiht.<\/p>\n\n\n\n<p>Auch unter dem Motto &#8222;Ein Dach f\u00fcr Afrika&#8220; wurde in Guinea ein Haus f\u00fcr Stra\u00dfenkinder saniert und bewohnbar gemacht.<\/p>\n","protected":false},"excerpt":{"rendered":"<p>Leitungsteam Frau Michaela Str\u00f6bitzer 0664 5026428Frau Marianne Kimeswenger&nbsp;&nbsp;0650 7055712Herr Hanspeter Lechner 0664 4435239 Das&nbsp;Katholische Bildungswerk der Pfarre&nbsp;ist sehr aktiv. Das Team mit ca. 15 Leuten setzt immer wieder H\u00f6hepunkte und brachte schon die interessantesten Leute nach St. Valentin. Es lohnt sich, regelm\u00e4\u00dfig im Programm des Bildungswerkes nachzusehen. Auch viele soziale Projekte gehen auf das Engagement [&hellip;]<\/p>\n","protected":false},"author":2,"featured_media":1542,"parent":448,"menu_order":0,"comment_status":"closed","ping_status":"closed","template":"","meta":{"footnotes":""},"class_list":["post-518","page","type-page","status-publish","has-post-thumbnail","hentry"],"_links":{"self":[{"href":"https:\/\/www.kj-valentin.at\/wp_pfarrevalentin\/wp-json\/wp\/v2\/pages\/518","targetHints":{"allow":["GET"]}}],"collection":[{"href":"https:\/\/www.kj-valentin.at\/wp_pfarrevalentin\/wp-json\/wp\/v2\/pages"}],"about":[{"href":"https:\/\/www.kj-valentin.at\/wp_pfarrevalentin\/wp-json\/wp\/v2\/types\/page"}],"author":[{"embeddable":true,"href":"https:\/\/www.kj-valentin.at\/wp_pfarrevalentin\/wp-json\/wp\/v2\/users\/2"}],"replies":[{"embeddable":true,"href":"https:\/\/www.kj-valentin.at\/wp_pfarrevalentin\/wp-json\/wp\/v2\/comments?post=518"}],"version-history":[{"count":6,"href":"https:\/\/www.kj-valentin.at\/wp_pfarrevalentin\/wp-json\/wp\/v2\/pages\/518\/revisions"}],"predecessor-version":[{"id":14413,"href":"https:\/\/www.kj-valentin.at\/wp_pfarrevalentin\/wp-json\/wp\/v2\/pages\/518\/revisions\/14413"}],"up":[{"embeddable":true,"href":"https:\/\/www.kj-valentin.at\/wp_pfarrevalentin\/wp-json\/wp\/v2\/pages\/448"}],"wp:featuredmedia":[{"embeddable":true,"href":"https:\/\/www.kj-valentin.at\/wp_pfarrevalentin\/wp-json\/wp\/v2\/media\/1542"}],"wp:attachment":[{"href":"https:\/\/www.kj-valentin.at\/wp_pfarrevalentin\/wp-json\/wp\/v2\/media?parent=518"}],"curies":[{"name":"wp","href":"https:\/\/api.w.org\/{rel}","templated":true}]}}