{"id":508,"date":"2019-12-07T16:24:54","date_gmt":"2019-12-07T15:24:54","guid":{"rendered":"https:\/\/www.kj-valentin.at\/wp_pfarrevalentin\/?page_id=508"},"modified":"2024-02-05T15:28:24","modified_gmt":"2024-02-05T14:28:24","slug":"jungschar-oldies","status":"publish","type":"page","link":"https:\/\/www.kj-valentin.at\/wp_pfarrevalentin\/gruppen\/jungschar-oldies\/","title":{"rendered":"Jungschar Oldies"},"content":{"rendered":"\n<h2 class=\"wp-block-heading\">Wo JO! drauf steht ist junge Kirche drin!<\/h2>\n\n\n\n<p>Seit mehreren Jahren gibt es bei uns ein ganz&nbsp;<\/p>\n\n\n\n<figure class=\"wp-block-pullquote\"><blockquote><p> spezielles Jugendangebot f\u00fcr Sch\u00fclerinnen und Sch\u00fcler der 3. und 4. Klasse Neue Mittelschule oder Gymnasium.  <\/p><\/blockquote><\/figure>\n\n\n\n<p>Alle zwei Wochen treffen sich am\u00a0<strong>Samstagabend von 20 &#8211; 22 Uhr<\/strong>\u00a0in den Jugendr\u00e4umen die so genannten JungscharOldies! Diese Jugendlichen sind gefirmt, f\u00fchlen sich aber f\u00fcr die klassische Jungschar am Freitagnachmittag schon zu alt, sind aber f\u00fcr die Katholische Jugend noch zu jung. Mit dieser ganz besonderen Gruppe haben wir dieses Problem also gel\u00f6st!<\/p>\n","protected":false},"excerpt":{"rendered":"<p>Wo JO! drauf steht ist junge Kirche drin! Seit mehreren Jahren gibt es bei uns ein ganz&nbsp; spezielles Jugendangebot f\u00fcr Sch\u00fclerinnen und Sch\u00fcler der 3. und 4. Klasse Neue Mittelschule oder Gymnasium. Alle zwei Wochen treffen sich am\u00a0Samstagabend von 20 &#8211; 22 Uhr\u00a0in den Jugendr\u00e4umen die so genannten JungscharOldies! Diese Jugendlichen sind gefirmt, f\u00fchlen sich [&hellip;]<\/p>\n","protected":false},"author":2,"featured_media":509,"parent":448,"menu_order":0,"comment_status":"closed","ping_status":"closed","template":"","meta":{"footnotes":""},"class_list":["post-508","page","type-page","status-publish","has-post-thumbnail","hentry"],"_links":{"self":[{"href":"https:\/\/www.kj-valentin.at\/wp_pfarrevalentin\/wp-json\/wp\/v2\/pages\/508","targetHints":{"allow":["GET"]}}],"collection":[{"href":"https:\/\/www.kj-valentin.at\/wp_pfarrevalentin\/wp-json\/wp\/v2\/pages"}],"about":[{"href":"https:\/\/www.kj-valentin.at\/wp_pfarrevalentin\/wp-json\/wp\/v2\/types\/page"}],"author":[{"embeddable":true,"href":"https:\/\/www.kj-valentin.at\/wp_pfarrevalentin\/wp-json\/wp\/v2\/users\/2"}],"replies":[{"embeddable":true,"href":"https:\/\/www.kj-valentin.at\/wp_pfarrevalentin\/wp-json\/wp\/v2\/comments?post=508"}],"version-history":[{"count":3,"href":"https:\/\/www.kj-valentin.at\/wp_pfarrevalentin\/wp-json\/wp\/v2\/pages\/508\/revisions"}],"predecessor-version":[{"id":13308,"href":"https:\/\/www.kj-valentin.at\/wp_pfarrevalentin\/wp-json\/wp\/v2\/pages\/508\/revisions\/13308"}],"up":[{"embeddable":true,"href":"https:\/\/www.kj-valentin.at\/wp_pfarrevalentin\/wp-json\/wp\/v2\/pages\/448"}],"wp:featuredmedia":[{"embeddable":true,"href":"https:\/\/www.kj-valentin.at\/wp_pfarrevalentin\/wp-json\/wp\/v2\/media\/509"}],"wp:attachment":[{"href":"https:\/\/www.kj-valentin.at\/wp_pfarrevalentin\/wp-json\/wp\/v2\/media?parent=508"}],"curies":[{"name":"wp","href":"https:\/\/api.w.org\/{rel}","templated":true}]}}