{"id":466,"date":"2019-12-02T21:16:58","date_gmt":"2019-12-02T20:16:58","guid":{"rendered":"https:\/\/www.kj-valentin.at\/wp_pfarrevalentin\/?page_id=466"},"modified":"2025-05-14T11:47:58","modified_gmt":"2025-05-14T09:47:58","slug":"filialkirche-hofkirchen","status":"publish","type":"page","link":"https:\/\/www.kj-valentin.at\/wp_pfarrevalentin\/kirchen\/filialkirche-hofkirchen\/","title":{"rendered":"Filialkirche Hofkirchen"},"content":{"rendered":"\n<h2 class=\"wp-block-heading has-text-align-center\"><strong>Die Filialkirche zum Hl. Andreas in Hofkirchen<\/strong><\/h2>\n\n\n\n<p><em>1375<\/em>&nbsp;wird der Name Hofkirchen erstmals erw\u00e4hnt.<\/p>\n\n\n\n<p>Bis 1529, der vermutlichen Zerst\u00f6rung durch die T\u00fcrken, befand sich in der N\u00e4he das Schloss Wasen. Damals stand schon das romanische Langhaus des Kirchleins, das dem Hl. Andreas geweiht ist.<\/p>\n\n\n\n<p><em>Um 1500<\/em> wurde der Chor mit einem Netzrippengew\u00f6lbe versehen. Aus dieser Zeit stammt auch ein gotisches Kreuz an der S\u00fcdseite des Langhauses.<\/p>\n\n\n\n<p><em>1688-93<\/em> Erste Barockisierung<\/p>\n\n\n\n<p><em>1722&nbsp;<\/em>Anbau der Sakristei und Erneuerung der Friedhofsplanke.<\/p>\n\n\n\n<p><em>1734-36<\/em> Barocke Neuausstattung mit Altar und Kanzel.<\/p>\n\n\n\n<p><em>1747<\/em>&nbsp;wurde die vordere Mauer abgebrochen, beiderseits wurden zwei neue Mauern und ein Eingang errichtet. Der Turm wurde abgetragen und neu aufgebaut.<\/p>\n\n\n\n<p><em>1767\/68<\/em> kam die heute noch wie in Kanning spielbare Orgel von Nikolaus Rummel in die Kirche (Originalrechnung im Landesarchiv).<\/p>\n\n\n\n<p><em>1906\/07<\/em> wurde der Verputz abgeschlagen, die Kirche im neugotischen Stil umfassend renoviert und erg\u00e4nzt. Den Andreasaltar fertigte die Firma Oberhuber an.<\/p>\n\n\n\n<p><em>1910<\/em> Anschaffung der gu\u00dfeisenen Wendeltreppe auf den Musikchor.<\/p>\n\n\n\n<p><em>1938<\/em>&nbsp;wurde die Steinskulptur des Hl. Valentin vom Hauptplatz, eine Spende Michael Hammelm\u00fcllers vom Mairgut in Wasen, renoviert und nach Hofkirchen gebracht.<\/p>\n\n\n\n<p><em>1994\/95<\/em> wird die Kirche trockengelegt, neu verputzt, die Elektroinstallationen erneuert, die Fenster repariert und ausgebessert und die Orgel renoviert (von der Firma Pircher aus Steinach am Brenner).<\/p>\n\n\n\n<figure class=\"wp-block-image size-full\"><img loading=\"lazy\" decoding=\"async\" width=\"1200\" height=\"1600\" src=\"https:\/\/www.kj-valentin.at\/wp_pfarrevalentin\/wp-content\/uploads\/2024\/10\/2024-04-24-19.50.49-2.jpg\" alt=\"\" class=\"wp-image-14999\" srcset=\"https:\/\/www.kj-valentin.at\/wp_pfarrevalentin\/wp-content\/uploads\/2024\/10\/2024-04-24-19.50.49-2.jpg 1200w, https:\/\/www.kj-valentin.at\/wp_pfarrevalentin\/wp-content\/uploads\/2024\/10\/2024-04-24-19.50.49-2-225x300.jpg 225w, https:\/\/www.kj-valentin.at\/wp_pfarrevalentin\/wp-content\/uploads\/2024\/10\/2024-04-24-19.50.49-2-768x1024.jpg 768w, https:\/\/www.kj-valentin.at\/wp_pfarrevalentin\/wp-content\/uploads\/2024\/10\/2024-04-24-19.50.49-2-1152x1536.jpg 1152w\" sizes=\"auto, (max-width: 1200px) 100vw, 1200px\" \/><figcaption class=\"wp-element-caption\"><em>Foto: Renate Steffelbauer<\/em><\/figcaption><\/figure>\n","protected":false},"excerpt":{"rendered":"<p>Die Filialkirche zum Hl. Andreas in Hofkirchen 1375&nbsp;wird der Name Hofkirchen erstmals erw\u00e4hnt. Bis 1529, der vermutlichen Zerst\u00f6rung durch die T\u00fcrken, befand sich in der N\u00e4he das Schloss Wasen. Damals stand schon das romanische Langhaus des Kirchleins, das dem Hl. Andreas geweiht ist. Um 1500 wurde der Chor mit einem Netzrippengew\u00f6lbe versehen. Aus dieser Zeit [&hellip;]<\/p>\n","protected":false},"author":5,"featured_media":0,"parent":451,"menu_order":0,"comment_status":"closed","ping_status":"closed","template":"","meta":{"footnotes":""},"class_list":["post-466","page","type-page","status-publish","hentry"],"_links":{"self":[{"href":"https:\/\/www.kj-valentin.at\/wp_pfarrevalentin\/wp-json\/wp\/v2\/pages\/466","targetHints":{"allow":["GET"]}}],"collection":[{"href":"https:\/\/www.kj-valentin.at\/wp_pfarrevalentin\/wp-json\/wp\/v2\/pages"}],"about":[{"href":"https:\/\/www.kj-valentin.at\/wp_pfarrevalentin\/wp-json\/wp\/v2\/types\/page"}],"author":[{"embeddable":true,"href":"https:\/\/www.kj-valentin.at\/wp_pfarrevalentin\/wp-json\/wp\/v2\/users\/5"}],"replies":[{"embeddable":true,"href":"https:\/\/www.kj-valentin.at\/wp_pfarrevalentin\/wp-json\/wp\/v2\/comments?post=466"}],"version-history":[{"count":6,"href":"https:\/\/www.kj-valentin.at\/wp_pfarrevalentin\/wp-json\/wp\/v2\/pages\/466\/revisions"}],"predecessor-version":[{"id":16530,"href":"https:\/\/www.kj-valentin.at\/wp_pfarrevalentin\/wp-json\/wp\/v2\/pages\/466\/revisions\/16530"}],"up":[{"embeddable":true,"href":"https:\/\/www.kj-valentin.at\/wp_pfarrevalentin\/wp-json\/wp\/v2\/pages\/451"}],"wp:attachment":[{"href":"https:\/\/www.kj-valentin.at\/wp_pfarrevalentin\/wp-json\/wp\/v2\/media?parent=466"}],"curies":[{"name":"wp","href":"https:\/\/api.w.org\/{rel}","templated":true}]}}