{"id":464,"date":"2019-12-02T21:16:45","date_gmt":"2019-12-02T20:16:45","guid":{"rendered":"https:\/\/www.kj-valentin.at\/wp_pfarrevalentin\/?page_id=464"},"modified":"2025-08-20T17:22:13","modified_gmt":"2025-08-20T15:22:13","slug":"filialkirche-rems","status":"publish","type":"page","link":"https:\/\/www.kj-valentin.at\/wp_pfarrevalentin\/kirchen\/filialkirche-rems\/","title":{"rendered":"Filialkirche Rems"},"content":{"rendered":"\n<h2 class=\"wp-block-heading\">Die Filialkirche zur Hl. Maria Magdalena in Rems<\/h2>\n\n\n<div class=\"wp-block-image\">\n<figure class=\"aligncenter size-large\"><img loading=\"lazy\" decoding=\"async\" width=\"768\" height=\"1024\" src=\"https:\/\/www.kj-valentin.at\/wp_pfarrevalentin\/wp-content\/uploads\/2025\/08\/2022_09_24_SR_IMG_3043a-768x1024.jpg\" alt=\"\" class=\"wp-image-17034\" srcset=\"https:\/\/www.kj-valentin.at\/wp_pfarrevalentin\/wp-content\/uploads\/2025\/08\/2022_09_24_SR_IMG_3043a-768x1024.jpg 768w, https:\/\/www.kj-valentin.at\/wp_pfarrevalentin\/wp-content\/uploads\/2025\/08\/2022_09_24_SR_IMG_3043a-225x300.jpg 225w, https:\/\/www.kj-valentin.at\/wp_pfarrevalentin\/wp-content\/uploads\/2025\/08\/2022_09_24_SR_IMG_3043a-1152x1536.jpg 1152w, https:\/\/www.kj-valentin.at\/wp_pfarrevalentin\/wp-content\/uploads\/2025\/08\/2022_09_24_SR_IMG_3043a.jpg 1200w\" sizes=\"auto, (max-width: 768px) 100vw, 768px\" \/><figcaption class=\"wp-element-caption\"><em>Foto: Renate Steffelbauer<\/em><\/figcaption><\/figure>\n<\/div>\n\n\n<p>Zur \u00e4lteren Geschichte des Dorfes Rems lassen sich nur Vermutungen anstellen. Offenbar wurde eine in einer Wallanlage stehende Burg zur Kirche umgebaut. Daf\u00fcr sprechen die gro\u00dfen Buckelquader und vor allem die Stiege, die in der Mauerst\u00e4rke auf den Dachboden f\u00fchrt.<\/p>\n\n\n\n<p>Um 1204 wird der Ort zum ersten Mal genannt in den Reiserechnungen des PassauerBischofs Wolfger von Erla, der aus unserer Gegend stammte.<\/p>\n\n\n\n<p>Im 13.Jhdt. wurde in dieser Ortschaft eine romanische Kirche errichtet, die der Hl. Maria Magdalena geweiht ist. An der \u00f6stlichen Au\u00dfenmauer ragen Buckelquarder aus dem Mauerwerk heraus, die f\u00fcr das 12. Jhdt typisch sind und auf eine Burg als Vorg\u00e4ngerbau schlie\u00dfen lassen. Auch die schmale, kaum 40 cm breite Mauertreppe weist auf einen Wehrbau hin.<\/p>\n\n\n\n<p><em>1447<\/em>&nbsp;Erste Nennung der Kirche in einem Steuerbuch der Herrschaft Wallsee.<\/p>\n\n\n\n<p>Im <em>15.\/16. Jhdt.<\/em> wurde das sp\u00e4tgotische Langhaus mit Empore und Ma\u00dfwerkbr\u00fcstung umgebaut.<\/p>\n\n\n\n<p>An der S\u00fcdwestecke der Kirche befindet sich das mit Masken und Bl\u00e4ttern verzierte sp\u00e4tromanische Portal mit der Darstellung des segnenden Christus als Tympanonrelief. Fraglich ist, ob das Portal fr\u00fcher an der Westseite war und sp\u00e4ter hierher versetzt wurde. Belegt ist, dass in der Gotik dem Portal eine Vorhalle vorgebaut wurde, die der Reromanisierung zum Opfer fiel.<\/p>\n\n\n\n<p><em>1731<\/em> wurde der alte Remser Kirchturm abgebrochen und durch einen Dachreiter an der Westseite ersetzt.<\/p>\n\n\n\n<p><em>1733<\/em> wurde die Kirche durch den Wiener Stukkateur Karl Anton Zeronetti renoviert und verputzt. Damals wurde wahrscheinlich auch die barocke Sakristei angebaut.<\/p>\n\n\n\n<p><em>1736<\/em> wurde der barocke Hochaltar aufgestellt. (Das Bild ist im Museum!)<\/p>\n\n\n\n<p><em>1767<\/em> erhielt Rems eine neue Orgel von Nikolaus Rummel. Die heute in der Kirche befindliche barocke Orgel stammt aus dem Stiftskonvikt Seitenstetten und wurde 1947\/48 aufgestellt.<\/p>\n\n\n\n<p><em>1769<\/em>&nbsp;Neuer Dachstuhl f\u00fcr die gesamte Kirche (datiert am Kehlbalken des Presbyteriums).<\/p>\n\n\n\n<p><em>1905<\/em> wurden wichtige Ver\u00e4nderungen am Kirchengeb\u00e4ude vorgenommen. Gesamtrenovierung und &#8222;Romanisierung&#8220; der Kirche (Kosten: 8700 Kr.) Die Vorhalle beim Portal wurde entfernt, die unregelm\u00e4\u00dfigen Fenster brachte man in eine Reihe. Die \u00fcbert\u00fcnchten, gotischen Steinrippen und die romanischen B\u00f6gen wurden freigelegt.<\/p>\n\n\n\n<p>Das Inventar musste einer neoromanisch &#8211; neugotischen Ausstattung weichen.<\/p>\n\n\n\n<p>Von Oberhuber stammten die zwei Baldachinalt\u00e4re im neugotischen Stil, der Herz-Jesu-Altar an der S\u00fcdseite und der Herz-Mari\u00e4-Altar an der Nordseite des Langhauses. Der Hochaltar wurde mit einer Plastik der heiligen Maria Magdalena versehen. Die Butzenscheiben f\u00fcr die neuen Fenster lieferte die Firma Penner aus Linz.<\/p>\n\n\n\n<p><em>1953<\/em> Einleitung des elektrischen Stromes<\/p>\n\n\n\n<p><em>1950\/60<\/em> Auswechslung des Turmzwiebels<\/p>\n\n\n\n<p><em>1975<\/em>&nbsp;Erneuerung des Daches<\/p>\n\n\n\n<p><em>1992<\/em>&nbsp;Renovierung und F\u00e4rbelung des Turmes. Die Kirche erh\u00e4lt eine zweite Glocke, die der Hl. Maria Magdalena geweiht ist.<\/p>\n\n\n\n<p><em>1994<\/em> Neuausmalung der Kirche, Reparatur der Fenster, Erneuerung der Elektroinstallationen, die Sakristei erh\u00e4lt einen neuen Fu\u00dfboden (alte Solnhofner Platten), Licht wird in die Sakristei eingeleitet (bis dahin gab es bei Abendmessen nur Kerzenlicht in der Sakristei), die Sakristeik\u00e4sten wurden renoviert.<\/p>\n\n\n\n<p>An der Nordseite wurden die noch fehlenden Dachrinnen angebracht. Ein Sickerschacht f\u00fcr das Regenwasser wurde geschaffen und die Orgel wurde von der Firma Bergler aus Krems renoviert.<\/p>\n\n\n\n<p><em>2019<\/em> wurde der neue Volksaltar eingeweiht!<\/p>\n\n\n<div class=\"wp-block-image\">\n<figure class=\"aligncenter size-full\"><img loading=\"lazy\" decoding=\"async\" width=\"1600\" height=\"1145\" src=\"https:\/\/www.kj-valentin.at\/wp_pfarrevalentin\/wp-content\/uploads\/2025\/08\/RemsNeuerAltar_2019_07_21_co-Hanspeter-Lechner.jpg\" alt=\"\" class=\"wp-image-17033\" srcset=\"https:\/\/www.kj-valentin.at\/wp_pfarrevalentin\/wp-content\/uploads\/2025\/08\/RemsNeuerAltar_2019_07_21_co-Hanspeter-Lechner.jpg 1600w, https:\/\/www.kj-valentin.at\/wp_pfarrevalentin\/wp-content\/uploads\/2025\/08\/RemsNeuerAltar_2019_07_21_co-Hanspeter-Lechner-300x215.jpg 300w, https:\/\/www.kj-valentin.at\/wp_pfarrevalentin\/wp-content\/uploads\/2025\/08\/RemsNeuerAltar_2019_07_21_co-Hanspeter-Lechner-1024x733.jpg 1024w, https:\/\/www.kj-valentin.at\/wp_pfarrevalentin\/wp-content\/uploads\/2025\/08\/RemsNeuerAltar_2019_07_21_co-Hanspeter-Lechner-768x550.jpg 768w, https:\/\/www.kj-valentin.at\/wp_pfarrevalentin\/wp-content\/uploads\/2025\/08\/RemsNeuerAltar_2019_07_21_co-Hanspeter-Lechner-1536x1099.jpg 1536w, https:\/\/www.kj-valentin.at\/wp_pfarrevalentin\/wp-content\/uploads\/2025\/08\/RemsNeuerAltar_2019_07_21_co-Hanspeter-Lechner-1200x859.jpg 1200w\" sizes=\"auto, (max-width: 1600px) 100vw, 1600px\" \/><figcaption class=\"wp-element-caption\"><em>Foto: Hanspeter Lechner (21.07.2019)<\/em><\/figcaption><\/figure>\n<\/div>\n\n\n<div class=\"wp-block-media-text alignwide is-stacked-on-mobile\"><figure class=\"wp-block-media-text__media\"><img loading=\"lazy\" decoding=\"async\" width=\"713\" height=\"1024\" src=\"https:\/\/www.kj-valentin.at\/wp_pfarrevalentin\/wp-content\/uploads\/2025\/08\/ROSENBERGER-Franz-713x1024.jpg\" alt=\"\" class=\"wp-image-17026 size-full\" srcset=\"https:\/\/www.kj-valentin.at\/wp_pfarrevalentin\/wp-content\/uploads\/2025\/08\/ROSENBERGER-Franz-713x1024.jpg 713w, https:\/\/www.kj-valentin.at\/wp_pfarrevalentin\/wp-content\/uploads\/2025\/08\/ROSENBERGER-Franz-209x300.jpg 209w, https:\/\/www.kj-valentin.at\/wp_pfarrevalentin\/wp-content\/uploads\/2025\/08\/ROSENBERGER-Franz-768x1103.jpg 768w, https:\/\/www.kj-valentin.at\/wp_pfarrevalentin\/wp-content\/uploads\/2025\/08\/ROSENBERGER-Franz-1069x1536.jpg 1069w, https:\/\/www.kj-valentin.at\/wp_pfarrevalentin\/wp-content\/uploads\/2025\/08\/ROSENBERGER-Franz.jpg 1114w\" sizes=\"auto, (max-width: 713px) 100vw, 713px\" \/><\/figure><div class=\"wp-block-media-text__content\">\n<p class=\"has-text-align-center has-primary-color has-subtle-background-background-color has-text-color has-background has-link-color wp-elements-db845b38988e27bca5e8134e09ef610e\"><em>Wir trauern um unseren langj\u00e4hrigen Remser Mesner <strong>Franz Rosenberger<\/strong>.<\/em><\/p>\n\n\n\n<p class=\"has-text-align-center\">Mit gro\u00dfer Leidenschaft und M\u00fche sorgte sich Franz um die Filialkirche zur Hl. Maria Magdalena in Rems.<\/p>\n\n\n\n<p class=\"has-text-align-center\">Danke f\u00fcr dein Glaubensvorbild, deine Treue und die vielen Stunden f\u00fcr &#8222;deine&#8220; Kirche.<\/p>\n\n\n\n<p class=\"has-text-align-center\">Ruhe in Frieden!<\/p>\n<\/div><\/div>\n","protected":false},"excerpt":{"rendered":"<p>Die Filialkirche zur Hl. Maria Magdalena in Rems Zur \u00e4lteren Geschichte des Dorfes Rems lassen sich nur Vermutungen anstellen. Offenbar wurde eine in einer Wallanlage stehende Burg zur Kirche umgebaut. Daf\u00fcr sprechen die gro\u00dfen Buckelquader und vor allem die Stiege, die in der Mauerst\u00e4rke auf den Dachboden f\u00fchrt. Um 1204 wird der Ort zum ersten [&hellip;]<\/p>\n","protected":false},"author":5,"featured_media":0,"parent":451,"menu_order":0,"comment_status":"closed","ping_status":"closed","template":"","meta":{"footnotes":""},"class_list":["post-464","page","type-page","status-publish","hentry"],"_links":{"self":[{"href":"https:\/\/www.kj-valentin.at\/wp_pfarrevalentin\/wp-json\/wp\/v2\/pages\/464","targetHints":{"allow":["GET"]}}],"collection":[{"href":"https:\/\/www.kj-valentin.at\/wp_pfarrevalentin\/wp-json\/wp\/v2\/pages"}],"about":[{"href":"https:\/\/www.kj-valentin.at\/wp_pfarrevalentin\/wp-json\/wp\/v2\/types\/page"}],"author":[{"embeddable":true,"href":"https:\/\/www.kj-valentin.at\/wp_pfarrevalentin\/wp-json\/wp\/v2\/users\/5"}],"replies":[{"embeddable":true,"href":"https:\/\/www.kj-valentin.at\/wp_pfarrevalentin\/wp-json\/wp\/v2\/comments?post=464"}],"version-history":[{"count":7,"href":"https:\/\/www.kj-valentin.at\/wp_pfarrevalentin\/wp-json\/wp\/v2\/pages\/464\/revisions"}],"predecessor-version":[{"id":17037,"href":"https:\/\/www.kj-valentin.at\/wp_pfarrevalentin\/wp-json\/wp\/v2\/pages\/464\/revisions\/17037"}],"up":[{"embeddable":true,"href":"https:\/\/www.kj-valentin.at\/wp_pfarrevalentin\/wp-json\/wp\/v2\/pages\/451"}],"wp:attachment":[{"href":"https:\/\/www.kj-valentin.at\/wp_pfarrevalentin\/wp-json\/wp\/v2\/media?parent=464"}],"curies":[{"name":"wp","href":"https:\/\/api.w.org\/{rel}","templated":true}]}}